{"id":262,"date":"2021-03-15T16:46:12","date_gmt":"2021-03-15T20:46:12","guid":{"rendered":"http:\/\/www.iaoww.com\/klemm-a-richard\/?page_id=262"},"modified":"2023-07-19T15:53:13","modified_gmt":"2023-07-19T19:53:13","slug":"professional-engagements","status":"publish","type":"page","link":"https:\/\/www.iaoww.com\/klemm-a-richard\/professional-engagements\/","title":{"rendered":"Professional Engagements"},"content":{"rendered":"<table border=\"0\" width=\"95%\">\n<tbody>\n<tr>\n<td>2013<\/td>\n<td>Seminar Speaker<\/td>\n<td>International Center for Quantum Physics, Peking University, Beijing, China, June 10, 2013.<\/td>\n<\/tr>\n<tr>\n<td>2013<\/td>\n<td>Invited Speaker<\/td>\n<td>14th International Workshop on &#8220;Vortex Physics&#8221;, Nanjing, China, May 21-28, 2013.<\/td>\n<\/tr>\n<tr>\n<td>2013<\/td>\n<td>Invited Speaker<\/td>\n<td>APS March Meeting, Baltimore, MD, March 20-24, 2013.<\/td>\n<\/tr>\n<tr>\n<td>2012<\/td>\n<td>Invited Speaker<\/td>\n<td>International Workshop on &#8220;Phase Separation and Superstripes&#8221;, Erice, Italy, July 11-17, 2012.<\/td>\n<\/tr>\n<tr>\n<td>2012<\/td>\n<td>Invited Speaker<\/td>\n<td>PLASMA2012, Cesme, Turkey, June 10-13, 2012.<\/td>\n<\/tr>\n<tr>\n<td>2011<\/td>\n<td>Invited Speaker<\/td>\n<td>Second JST-DFG Workshop on &#8220;Terahertz superconductors Electronics&#8221;, Blaubeuren, Germany, October 16-19, 2011.<\/td>\n<\/tr>\n<tr>\n<td>2010<\/td>\n<td>Invited Speaker<\/td>\n<td>First JST-DFG Workshop on &#8220;Terahertz Superconductor Electronics&#8221;, Tsukuba, Japan, February 21-24, 2010.<\/td>\n<\/tr>\n<tr>\n<td>2010<\/td>\n<td>Invited Speaker<\/td>\n<td>PLASMA2010, Hirosaki, Japan, April 30-May 2, 2010.<\/td>\n<\/tr>\n<tr>\n<td>2010<\/td>\n<td>Invited Speaker<\/td>\n<td>International Workshop on &#8220;Quantum Coherent Properties of Spins III&#8221;, UCF, December 20-22, 2010.<\/td>\n<td><\/td>\n<\/tr>\n<tr>\n<td>2009<\/td>\n<td>Invited Speaker<\/td>\n<td>Coma-ruga V International Workshop on &#8220;Nanomagnetism and Superconductivity&#8221;, Coma-ruga, Spain, July 7-10, 2009.<\/td>\n<\/tr>\n<tr>\n<td>2009<\/td>\n<td>Invited Speaker<\/td>\n<td>Symposium on &#8220;Spin Physics and Nanomagnetism&#8221;, Lehman College, CUNY, March 13-14.<\/td>\n<\/tr>\n<tr>\n<td>2009<\/td>\n<td>Co-Chair, Plenary Invited Speaker, and Proceedings Editor<\/td>\n<td>7th International Conference on &#8220;New Theories, Discoveries, and Applications of Superconductors and Related Materials,&#8221; Beijing, China, May 13-16.<\/td>\n<\/tr>\n<tr>\n<td>2008<\/td>\n<td>Invited Speaker<\/td>\n<td>Plasma2008, Pohang, Korea, July 17-19.<\/td>\n<\/tr>\n<tr>\n<td>2008<\/td>\n<td>Invited Speaker<\/td>\n<td>MiniWorkshop on &#8220;Terahertz Radiation from Superconductors&#8221;, Tokyo, Japan, November 20-21.<\/td>\n<\/tr>\n<tr>\n<td>2008<\/td>\n<td>Invited Speaker<\/td>\n<td>3rd Annual Autumn Lectures on &#8220;Nanoscience and Engineering for Young Scientists&#8221;, Tokyo, Japan, November 22-28.<\/td>\n<\/tr>\n<tr>\n<td>2008<\/td>\n<td>Invited Speaker<\/td>\n<td>Condensed Matter Theories, Loughborough, UK August 11-18.<\/td>\n<\/tr>\n<tr>\n<td>2007<\/td>\n<td>Invited Speaker<\/td>\n<td>Coma-ruga III International Workshop on &#8220;Nanomagnetism&#8221;, Coma-ruga, Spain, July 1-4<\/td>\n<\/tr>\n<tr>\n<td>2007<\/td>\n<td>Invited Speaker<\/td>\n<td>International Workshop on &#8220;The Road to Room Temperature Superconductivity&#8221;, Loen, Norway, June 17-23<\/td>\n<\/tr>\n<tr>\n<td>2007<\/td>\n<td>Co-Chair, Plenary Invited Speaker, and Proceedings Editor<\/td>\n<td>6th Interantional Conference on &#8220;New Theories, Discoveries, and Applications of Superconductors and Related Materials&#8221;, Sydney, Australia, Jan. 6-11<\/td>\n<\/tr>\n<tr>\n<td>2006<\/td>\n<td>Invited Speaker<\/td>\n<td>APS March Meeting, Baltimore, MD<\/td>\n<\/tr>\n<tr>\n<td>2004<\/td>\n<td>Invited Speaker<\/td>\n<td>4th International Conference on &#8220;Nanoscale Heterogeneity and Quantum Phenomena in Complex Oxides (Stripes 2004)&#8221;, Rome, Italy, Sept. 26-Oct. 2<\/td>\n<\/tr>\n<tr>\n<td>2004<\/td>\n<td>Plenary Invited Speaker<\/td>\n<td>5th International Conference on &#8220;New Theories, Discoveries, and Applications of Superconductors and Related Materials&#8221;, Chongqing, China, June 10-15<\/td>\n<\/tr>\n<tr>\n<td>2004<\/td>\n<td>Invited Speaker<\/td>\n<td>2004 University of Miami Conference on &#8220;High Temperature Superconductvity&#8221;, Miami, FL Jan. 11-16<\/td>\n<\/tr>\n<tr>\n<td>2003<\/td>\n<td>Invited Speaker<\/td>\n<td>International Workshop on &#8220;Quantum Transport in Synthetic Metals &amp; Quantum Functional Semiconductors, 2003&#8221;, Seoul, Korea, Nov. 19-22<\/td>\n<\/tr>\n<tr>\n<td>2003<\/td>\n<td>Invited Speaker<\/td>\n<td>International Conference on &#8220;Dynamic Inhomogeneities in Complex Oxides&#8221;, Bled, Slovenia, June 14-20<\/td>\n<\/tr>\n<tr>\n<td>2003<\/td>\n<td>Invited Speaker<\/td>\n<td>STS 2003 Conference on &#8220;Nonequilibrium Physics at Short Times Scales&#8221;, Dresden, Germany, May 5-16<\/td>\n<\/tr>\n<tr>\n<td>2002<\/td>\n<td>Invited Speaker<\/td>\n<td>23rd International Conference on Low Temperature Physics (LT23), Hiroshima, Japan, Aug. 20-27<\/td>\n<\/tr>\n<tr>\n<td>2002<\/td>\n<td>Invited Speaker<\/td>\n<td>STS 2002 Conference on &#8220;Formation of Correlations&#8221;, Bad Honnef, Germany, June 24-28<\/td>\n<\/tr>\n<tr>\n<td>2002<\/td>\n<td>Invited Speaker<\/td>\n<td>SCRM 2002 Meeting on &#8220;Superconductivity, CMR and Related Materials&#8221;, Giens, France June 1-8<\/td>\n<\/tr>\n<tr>\n<td>2002<\/td>\n<td>Invited Speaker<\/td>\n<td>University of Tennessee-Knoxville Workshop on Chemical Physics, Knoxville, TN Feb. 7-8<\/td>\n<\/tr>\n<tr>\n<td>2001<\/td>\n<td>Invited Speaker<\/td>\n<td>NATO Advanced Research Workshop on &#8220;New Trends in Superconductivity&#8221;, Yalta, Ukraine, Sept. 16-20<\/td>\n<\/tr>\n<tr>\n<td>2001<\/td>\n<td>Invited Speaker<\/td>\n<td>APS March Meeting, Seattle, WA<\/td>\n<\/tr>\n<tr>\n<td>2001<\/td>\n<td>Co-Chairman<\/td>\n<td>Third International Conference on &#8220;New Theories, Discoveries, and Applications of Superconductors and Related Materials&#8221;, Jan. 16-19, Honolulu, HW<\/td>\n<\/tr>\n<tr>\n<td>2000<\/td>\n<td>Invited Speaker<\/td>\n<td>48th Midwest Solid State Physics Symposium, University of North Dakota, Grand Forks, ND, Oct. 14-15<\/td>\n<\/tr>\n<tr>\n<td>2000<\/td>\n<td>Invited Lecturer<\/td>\n<td>25th International Nathiagali Summer College, Nathiagali, Pakistan, June 26-July 15<\/td>\n<\/tr>\n<tr>\n<td>2000<\/td>\n<td>Opponent<\/td>\n<td>Ph. D. Thesis Defense of Dr. Johan Axn\u00e4x, Kungliga Tekniska H\u00f6gskolan, Stockholm, Sweden, March 10<\/td>\n<\/tr>\n<tr>\n<td>2000<\/td>\n<td>Invited Speaker<\/td>\n<td>Gordon Conference on &#8220;Superconductivity&#8221;, Harbortown Resort, Ventura, CA<\/td>\n<\/tr>\n<tr>\n<td>1999<\/td>\n<td>Invited Speaker<\/td>\n<td>Second International Conference on &#8220;New Theories, Discoveries, and Applications of Superconductors and Related Materials&#8221;, Las Vegas, NV<\/td>\n<\/tr>\n<tr>\n<td>1998<\/td>\n<td>Invited Speaker<\/td>\n<td>SPIE Conference 3480 on &#8220;Superconducting Superlattices II: Native and Artificial&#8221;, San Diego, CA<\/td>\n<\/tr>\n<tr>\n<td>1998<\/td>\n<td>Plenary Invited Speaker<\/td>\n<td>NATO Advanced Research Workshop on &#8220;Symmetry and Pairing in Superconductivity&#8221;, Yalta, Crimea, Ukraine<\/td>\n<\/tr>\n<tr>\n<td>1998<\/td>\n<td>Plenary Invited Speaker<\/td>\n<td>First International Conference on &#8220;New Theories, Discoveries, and Applications of Superconductors and Related Materials&#8221;, Baton Rouge, LA<\/td>\n<\/tr>\n<tr>\n<td>1997<\/td>\n<td>Chairman<\/td>\n<td>25th Midwest Solid state Theory Symposium, Argonne National Laboratory, Argonne, IL<\/td>\n<\/tr>\n<tr>\n<td>1997<\/td>\n<td>Invited Lecturer<\/td>\n<td>Institut f\u00fcr Theoretische Festk\u00f6rperphysik, Universit\u00e4t Hamburg, Hamburg, Germany, July 4-11.<\/td>\n<\/tr>\n<tr>\n<td>1997<\/td>\n<td>Invited Lecturer<\/td>\n<td>Department of Industrial Chemistry, Tokyo Unaiversity, Tokyo, Japan, April 7-18.<\/td>\n<\/tr>\n<tr>\n<td>1996<\/td>\n<td>Plenary Invited Speaker<\/td>\n<td>International Workshop on &#8220;High Temperature Superconductivity-Ten Years After Its Discovery&#8221;, Jaipur, India<\/td>\n<\/tr>\n<tr>\n<td>1996<\/td>\n<td>Plenary Invited Speaker<\/td>\n<td>Adriatico Research Conference on &#8220;Fluctuation Phenomena in High Temperature Superconductors&#8221;, ICTP Trieste, Italy<\/td>\n<\/tr>\n<tr>\n<td>1996<\/td>\n<td>Invited Speaker<\/td>\n<td>SPIE Conference on &#8220;Oxide Superconductors: Physics and Nanoengineering II&#8221;, San Jose, CA<\/td>\n<\/tr>\n<tr>\n<td>1995<\/td>\n<td>Invited Speaker<\/td>\n<td>23rd Midwest Solid State Theory Conference, Kansas State University, Manhattan, KS<\/td>\n<\/tr>\n<tr>\n<td>1995<\/td>\n<td>Invited Speaker<\/td>\n<td>1995 Taiwan International Conference on &#8220;Superconductivity&#8221;, Hualien, Taiwan, ROC<\/td>\n<\/tr>\n<tr>\n<td>1995<\/td>\n<td>Chairman<\/td>\n<td>Workshop on &#8220;Magnetism in Multilayered and Reduced Dimensional Systems&#8221;, Argonne National Laboratory, Argonne, IL<\/td>\n<\/tr>\n<tr>\n<td>1995<\/td>\n<td>Invited Speaker<\/td>\n<td>APS March Meeting, San Jose, CA<\/td>\n<\/tr>\n<tr>\n<td>1994<\/td>\n<td>Invited Speaker<\/td>\n<td>SPIE Technical Conference on &#8220;Superconducting Superlattices and Multilayers&#8221;, Los Angeles, CA<\/td>\n<\/tr>\n<tr>\n<td>1993<\/td>\n<td>Chairman<\/td>\n<td>Workshop on &#8220;Electronic Properties of Disordered Systems&#8221;, Argonne National Laboratory, Argonne, IL<\/td>\n<\/tr>\n<tr>\n<td>1993<\/td>\n<td>Invited Speaker<\/td>\n<td>AMS-SIAM-IMS Summer Research Conference on &#8220;Mathematics of Superconductivity&#8221;, University of Washington, Seattle, WA<\/td>\n<\/tr>\n<tr>\n<td>1992<\/td>\n<td>Invited Speaker<\/td>\n<td>Sixth Annual Conference on &#8220;Superconductivity&#8221;, Buffalo, NY<\/td>\n<\/tr>\n<tr>\n<td>1992<\/td>\n<td>Invited Speaker<\/td>\n<td>APS March Meeting, Indianapolis, IN<\/td>\n<\/tr>\n<tr>\n<td>1991<\/td>\n<td>Invited Speaker<\/td>\n<td>Univ. Miami Workshop on &#8220;Electronic Structure and Mechanisms for High Temperature Superconductivity&#8221;, Miami, FL<\/td>\n<\/tr>\n<tr>\n<td>1989<\/td>\n<td>Invited Speaker<\/td>\n<td>Gordon Conference on &#8220;Phenomenology of High Temperature Superconductors&#8221;, Wolfeboro, NH<\/td>\n<\/tr>\n<tr>\n<td>1989<\/td>\n<td>Invited Speaker<\/td>\n<td>APS March Meeting, St. Louis, MO<\/td>\n<\/tr>\n<tr>\n<td>1988<\/td>\n<td>Invited Speaker<\/td>\n<td>Conference on &#8220;Phenomenology of High Temperature Superconductivity&#8221;, Los Alamos, NM<\/td>\n<\/tr>\n<tr>\n<td>1987<\/td>\n<td>Invited Speaker<\/td>\n<td>3rd International Workshop on &#8220;Condensed Matter Theories&#8221;, Oulu, Finland<\/td>\n<\/tr>\n<tr>\n<td>1986<\/td>\n<td>Invited Speaker<\/td>\n<td>XV Yamada Conference on &#8220;Charge-density Waves&#8221;, Lake Kawaguchi, Japan<\/td>\n<\/tr>\n<tr>\n<td>1986<\/td>\n<td>Invited Speaker<\/td>\n<td>17th Rare Earth Conference, Hamilton, ON, Canada<\/td>\n<\/tr>\n<tr>\n<td>1986<\/td>\n<td>Invited Speaker<\/td>\n<td>APS March Meeting, Las Vegas, NV<\/td>\n<\/tr>\n<tr>\n<td>1985<\/td>\n<td>Invited Speaker<\/td>\n<td>International Conference on &#8220;Charge Density Waves in Solids&#8221;, Budapest, Hungary<\/td>\n<\/tr>\n<tr>\n<td>1984<\/td>\n<td>Invited Speaker<\/td>\n<td>Gordon Conference on &#8220;Quantum Solids and Fluids&#8221;, Wolfeboro, NH<\/td>\n<\/tr>\n<tr>\n<td>1979<\/td>\n<td>Chairman<\/td>\n<td>27th Midwest Solid State Physics Conference, Ames, IA<\/td>\n<\/tr>\n<tr>\n<td>1977<\/td>\n<td>Participant<\/td>\n<td>Joint US-USSR Symposium on Condensed Matter Physics, Aspen, CO<\/td>\n<\/tr>\n<tr>\n<td>1976<\/td>\n<td>Invited Speaker<\/td>\n<td>4th Midwest Solid State Theory Symposium, University of Chicago, Chicago, IL<\/td>\n<\/tr>\n<\/tbody>\n<\/table>\n","protected":false},"excerpt":{"rendered":"<p>2013 Seminar Speaker International Center for Quantum Physics, Peking University, Beijing, China, June 10, 2013. 2013 Invited Speaker 14th International Workshop on &#8220;Vortex Physics&#8221;, Nanjing, China, May 21-28, 2013. 2013 Invited Speaker APS March Meeting, Baltimore, MD, March 20-24, 2013. 2012 Invited Speaker International Workshop on &#8220;Phase Separation and Superstripes&#8221;, Erice, Italy, July 11-17, 2012. &hellip; <a href=\"https:\/\/www.iaoww.com\/klemm-a-richard\/professional-engagements\/\" class=\"more-link\">Continue reading<span class=\"screen-reader-text\"> &#8220;Professional Engagements&#8221;<\/span><\/a><\/p>\n","protected":false},"author":1,"featured_media":0,"parent":0,"menu_order":0,"comment_status":"closed","ping_status":"closed","template":"","meta":{"footnotes":""},"class_list":["post-262","page","type-page","status-publish","hentry"],"yoast_head":"<!-- This site is optimized with the Yoast SEO plugin v26.8 - https:\/\/yoast.com\/product\/yoast-seo-wordpress\/ -->\n<title>Professional Engagements - Dr. Richard Klemm<\/title>\n<meta name=\"robots\" content=\"index, follow, max-snippet:-1, max-image-preview:large, max-video-preview:-1\" \/>\n<link rel=\"canonical\" href=\"https:\/\/www.iaoww.com\/klemm-a-richard\/professional-engagements\/\" \/>\n<meta property=\"og:locale\" content=\"en_US\" \/>\n<meta property=\"og:type\" content=\"article\" \/>\n<meta property=\"og:title\" content=\"Professional Engagements - Dr. Richard Klemm\" \/>\n<meta property=\"og:description\" content=\"2013 Seminar Speaker International Center for Quantum Physics, Peking University, Beijing, China, June 10, 2013. 2013 Invited Speaker 14th International Workshop on &#8220;Vortex Physics&#8221;, Nanjing, China, May 21-28, 2013. 2013 Invited Speaker APS March Meeting, Baltimore, MD, March 20-24, 2013. 2012 Invited Speaker International Workshop on &#8220;Phase Separation and Superstripes&#8221;, Erice, Italy, July 11-17, 2012. &hellip; Continue reading &quot;Professional Engagements&quot;\" \/>\n<meta property=\"og:url\" content=\"https:\/\/www.iaoww.com\/klemm-a-richard\/professional-engagements\/\" \/>\n<meta property=\"og:site_name\" content=\"Dr. Richard Klemm\" \/>\n<meta property=\"article:modified_time\" content=\"2023-07-19T19:53:13+00:00\" \/>\n<meta name=\"twitter:card\" content=\"summary_large_image\" \/>\n<meta name=\"twitter:label1\" content=\"Est. reading time\" \/>\n\t<meta name=\"twitter:data1\" content=\"5 minutes\" \/>\n<script type=\"application\/ld+json\" class=\"yoast-schema-graph\">{\"@context\":\"https:\/\/schema.org\",\"@graph\":[{\"@type\":\"WebPage\",\"@id\":\"https:\/\/www.iaoww.com\/klemm-a-richard\/professional-engagements\/\",\"url\":\"https:\/\/www.iaoww.com\/klemm-a-richard\/professional-engagements\/\",\"name\":\"Professional Engagements - Dr. Richard Klemm\",\"isPartOf\":{\"@id\":\"https:\/\/www.iaoww.com\/klemm-a-richard\/#website\"},\"datePublished\":\"2021-03-15T20:46:12+00:00\",\"dateModified\":\"2023-07-19T19:53:13+00:00\",\"breadcrumb\":{\"@id\":\"https:\/\/www.iaoww.com\/klemm-a-richard\/professional-engagements\/#breadcrumb\"},\"inLanguage\":\"en-US\",\"potentialAction\":[{\"@type\":\"ReadAction\",\"target\":[\"https:\/\/www.iaoww.com\/klemm-a-richard\/professional-engagements\/\"]}]},{\"@type\":\"BreadcrumbList\",\"@id\":\"https:\/\/www.iaoww.com\/klemm-a-richard\/professional-engagements\/#breadcrumb\",\"itemListElement\":[{\"@type\":\"ListItem\",\"position\":1,\"name\":\"Home\",\"item\":\"https:\/\/www.iaoww.com\/klemm-a-richard\/\"},{\"@type\":\"ListItem\",\"position\":2,\"name\":\"Professional Engagements\"}]},{\"@type\":\"WebSite\",\"@id\":\"https:\/\/www.iaoww.com\/klemm-a-richard\/#website\",\"url\":\"https:\/\/www.iaoww.com\/klemm-a-richard\/\",\"name\":\"Dr. Richard Klemm\",\"description\":\"Professor of Physics\",\"potentialAction\":[{\"@type\":\"SearchAction\",\"target\":{\"@type\":\"EntryPoint\",\"urlTemplate\":\"https:\/\/www.iaoww.com\/klemm-a-richard\/?s={search_term_string}\"},\"query-input\":{\"@type\":\"PropertyValueSpecification\",\"valueRequired\":true,\"valueName\":\"search_term_string\"}}],\"inLanguage\":\"en-US\"}]}<\/script>\n<!-- \/ Yoast SEO plugin. -->","yoast_head_json":{"title":"Professional Engagements - Dr. Richard Klemm","robots":{"index":"index","follow":"follow","max-snippet":"max-snippet:-1","max-image-preview":"max-image-preview:large","max-video-preview":"max-video-preview:-1"},"canonical":"https:\/\/www.iaoww.com\/klemm-a-richard\/professional-engagements\/","og_locale":"en_US","og_type":"article","og_title":"Professional Engagements - Dr. Richard Klemm","og_description":"2013 Seminar Speaker International Center for Quantum Physics, Peking University, Beijing, China, June 10, 2013. 2013 Invited Speaker 14th International Workshop on &#8220;Vortex Physics&#8221;, Nanjing, China, May 21-28, 2013. 2013 Invited Speaker APS March Meeting, Baltimore, MD, March 20-24, 2013. 2012 Invited Speaker International Workshop on &#8220;Phase Separation and Superstripes&#8221;, Erice, Italy, July 11-17, 2012. &hellip; Continue reading \"Professional Engagements\"","og_url":"https:\/\/www.iaoww.com\/klemm-a-richard\/professional-engagements\/","og_site_name":"Dr. Richard Klemm","article_modified_time":"2023-07-19T19:53:13+00:00","twitter_card":"summary_large_image","twitter_misc":{"Est. reading time":"5 minutes"},"schema":{"@context":"https:\/\/schema.org","@graph":[{"@type":"WebPage","@id":"https:\/\/www.iaoww.com\/klemm-a-richard\/professional-engagements\/","url":"https:\/\/www.iaoww.com\/klemm-a-richard\/professional-engagements\/","name":"Professional Engagements - Dr. Richard Klemm","isPartOf":{"@id":"https:\/\/www.iaoww.com\/klemm-a-richard\/#website"},"datePublished":"2021-03-15T20:46:12+00:00","dateModified":"2023-07-19T19:53:13+00:00","breadcrumb":{"@id":"https:\/\/www.iaoww.com\/klemm-a-richard\/professional-engagements\/#breadcrumb"},"inLanguage":"en-US","potentialAction":[{"@type":"ReadAction","target":["https:\/\/www.iaoww.com\/klemm-a-richard\/professional-engagements\/"]}]},{"@type":"BreadcrumbList","@id":"https:\/\/www.iaoww.com\/klemm-a-richard\/professional-engagements\/#breadcrumb","itemListElement":[{"@type":"ListItem","position":1,"name":"Home","item":"https:\/\/www.iaoww.com\/klemm-a-richard\/"},{"@type":"ListItem","position":2,"name":"Professional Engagements"}]},{"@type":"WebSite","@id":"https:\/\/www.iaoww.com\/klemm-a-richard\/#website","url":"https:\/\/www.iaoww.com\/klemm-a-richard\/","name":"Dr. Richard Klemm","description":"Professor of Physics","potentialAction":[{"@type":"SearchAction","target":{"@type":"EntryPoint","urlTemplate":"https:\/\/www.iaoww.com\/klemm-a-richard\/?s={search_term_string}"},"query-input":{"@type":"PropertyValueSpecification","valueRequired":true,"valueName":"search_term_string"}}],"inLanguage":"en-US"}]}},"_links":{"self":[{"href":"https:\/\/www.iaoww.com\/klemm-a-richard\/wp-json\/wp\/v2\/pages\/262","targetHints":{"allow":["GET"]}}],"collection":[{"href":"https:\/\/www.iaoww.com\/klemm-a-richard\/wp-json\/wp\/v2\/pages"}],"about":[{"href":"https:\/\/www.iaoww.com\/klemm-a-richard\/wp-json\/wp\/v2\/types\/page"}],"author":[{"embeddable":true,"href":"https:\/\/www.iaoww.com\/klemm-a-richard\/wp-json\/wp\/v2\/users\/1"}],"replies":[{"embeddable":true,"href":"https:\/\/www.iaoww.com\/klemm-a-richard\/wp-json\/wp\/v2\/comments?post=262"}],"version-history":[{"count":6,"href":"https:\/\/www.iaoww.com\/klemm-a-richard\/wp-json\/wp\/v2\/pages\/262\/revisions"}],"predecessor-version":[{"id":362,"href":"https:\/\/www.iaoww.com\/klemm-a-richard\/wp-json\/wp\/v2\/pages\/262\/revisions\/362"}],"wp:attachment":[{"href":"https:\/\/www.iaoww.com\/klemm-a-richard\/wp-json\/wp\/v2\/media?parent=262"}],"curies":[{"name":"wp","href":"https:\/\/api.w.org\/{rel}","templated":true}]}}