{"id":266,"date":"2021-03-15T16:49:31","date_gmt":"2021-03-15T20:49:31","guid":{"rendered":"http:\/\/www.iaoww.com\/klemm-a-richard\/?page_id=266"},"modified":"2023-07-19T16:27:53","modified_gmt":"2023-07-19T20:27:53","slug":"csv","status":"publish","type":"page","link":"https:\/\/www.iaoww.com\/klemm-a-richard\/csv\/","title":{"rendered":"CSV"},"content":{"rendered":"<table border=\"0\" width=\"90%\">\n<tbody>\n<tr>\n<td>2011-<\/td>\n<td>Associate Professor (tenure track)<\/td>\n<td>University of Central Florida<\/td>\n<\/tr>\n<tr>\n<td>2007-11<\/td>\n<td>Research Professor<\/td>\n<td>University of Central Florida, Orlando, FL 32816-2385<\/td>\n<\/tr>\n<tr>\n<td>2004-06<\/td>\n<td>Visiting Professor<\/td>\n<td>Kansas State University, Manhattan, KS 66506<\/td>\n<\/tr>\n<tr>\n<td>2003-04<\/td>\n<td>Visiting Professor<\/td>\n<td>University of North Dakota, Grand Forks, ND 58202-7129<\/td>\n<\/tr>\n<tr>\n<td>2001-03<\/td>\n<td>Visiting Scientist<\/td>\n<td>Max-Planck-Institut f\u00fcr Physik komplexer Systeme, Dresden 01187, Germany<\/td>\n<\/tr>\n<tr>\n<td>1992-00<\/td>\n<td>Techical Staff-Scientist<\/td>\n<td>Argonne National Laboratory, Argonne, IL 60439<\/td>\n<\/tr>\n<tr>\n<td>1990-92<\/td>\n<td>Technical Staff Member<\/td>\n<td>Argonne National Laboratory, Argonne, IL 60439<\/td>\n<\/tr>\n<tr>\n<td>1989-90<\/td>\n<td>Senior Staff Scientist<\/td>\n<td>Solid State Division, Oak Ridge National Laboratory, Oak Ridge, TN 37831<\/td>\n<\/tr>\n<tr>\n<td>1988-89<\/td>\n<td>Visiting Scientist<\/td>\n<td>Ames Laboratory, Ames, IA 50011<\/td>\n<\/tr>\n<tr>\n<td>1986-88<\/td>\n<td>Visiting Full Professor<\/td>\n<td>University of California at San Diego, La Jolla, CA 92093<\/td>\n<\/tr>\n<tr>\n<td>1984-86<\/td>\n<td>Senior Staff Physicist<\/td>\n<td>Exxon Research &amp; Engineering Co., Annandale, NJ 08801<\/td>\n<\/tr>\n<tr>\n<td>1982-84<\/td>\n<td>Staff Physicist<\/td>\n<td>Exxon Research &amp; Engineering Co., Annandale, NJ 08801<\/td>\n<\/tr>\n<tr>\n<td>1982<\/td>\n<td>Associate Professor\u00a0<b>(tenured)<\/b><\/td>\n<td>Iowa State University, Ames, IA 50011<\/td>\n<\/tr>\n<tr>\n<td>1976-81<\/td>\n<td>Assistant Professor<\/td>\n<td>Iowa State University, Ames, IA 50011<\/td>\n<\/tr>\n<tr>\n<td>1974-76<\/td>\n<td>Postdoctoral Fellow<\/td>\n<td>Stanford University, Stanford, CA 94305<\/td>\n<\/tr>\n<tr>\n<td>1969-70<\/td>\n<td>Research Technician<\/td>\n<td>Synvar Research Institute, Palo Alto, CA 94305<\/td>\n<\/tr>\n<\/tbody>\n<\/table>\n<h5 class=\"manuf\">Teaching History:<\/h5>\n<p><strong>2013 Spring:<\/strong> Lecturer in Condensed Matter Physics II (PHZ 6428) and Quantum Field Theory II (PHY 7669), and supervising two graduate students: Mr. Christopher Loerscher and Ms. Bianca Hall. Also: co-supervising the PhD thesis of Mr. Jingchuan Zhang and Mr. Jingxiang Zhao (USTB) with Prof. Qiang Gu, and on the doctoral committees of 6 students: Mr. Benjamin Webb, Mr. Gregory Katona (with Dr. Tristan Huebsch, Howard University), Ms. Asma Amjad (Ph. D. May 2013), Ms. Tracy Becker, Ms. Emily Kramer, and Mr. Akbar Whizzin (UCF).<\/p>\n<p>In addition, on the doctoral committees for Mr. Manabu Tsujimoto (Ph. D February 2013) and Mr. Kaveh Delfanazari (Ph. D. February 2013), Institute for Materials Science, University of Tsukuba, Tsukuba, Japan.<\/p>\n<p><strong>2012 Fall:<\/strong> Lecturer in Condensed Matter Physics I (PHZ 6426) and Quantum Field Theory I (PHY 6667), and supervising two graduate students: Mr. Christopher Loerscher and Ms. Bianca Hall. Also: co-supervising the PhD thesis of Mr. Jingchuan Zhang (USTB) with Prof. Qiang Gu, and on the doctoral committees of 7 students: Mr. Benjamin Webb, Mr. Gregory Katona, Ms. Asma Amjad, Ms. Hajrah Moin Quddusi (Ph. D. November 2012), Ms. Tracy Becker, Ms. Emily Kramer, and Mr. Akbar Whizzin (UCF). In addition, on the doctoral committees for Mr. Manabu Tsujimoto and Mr. Kaveh Delfanazari, Institute for Materials Science, University of Tsukuba, Tsukuba, Japan.<\/p>\n<p><strong>2012 Spring:<\/strong> Lecturer in Condensed Matter Physics II (PHZ 6428), and supervising one graduate student, Mr. Christopher Loerscher. Also: co-supervising the PhD thesis of Mr. Jingchuan Zhang (USTB) with Prof. Qiang Gu, and on the doctoral committees of 7 students: Mr. Benjamin Webb, Mr. Gregory Katona, Ms. Asma Amjad, Ms. Hajrah Moin Quddusi, Ms. Tracy Becker, Ms. Emily Kramer, and Mr. Akbar Whizzin (UCF).<\/p>\n<p><strong>2011 Fall:<\/strong> Lecturer in Condensed Matter Physics I (PHZ 6426), and supervising one graduate student, Mr. Christopher Loerscher. Also: co-supervising the PhD thesis of Mr. Jingchuan Zhang (USTB) with Prof. Qiang Gu, and on the doctoral committees of 5 students: Ms. Asma Amjad, Ms. Hajrah Moin Quddusi, Ms. Tracy Becker, Ms. Emily Kramer, and Mr. Akbar Whizzin (UCF).<\/p>\n<p><strong>2011 Spring:<\/strong> Lecturer in Quantum Field Theory II (PHY7669), three recitations of PHY2048, supervising one graduate student, Mr. Christopher Loerscher (UCF).<br \/>\nalso: co-supervising the PhD thesis of Mr. Jingchuan Zhang (USTB) with Prof. Qiang Gu, and on the doctoral committees of 5 students: Ms. Asma Amjad, Ms. Hajrah Moin Quddusi, Ms. Tracy Becker, Ms. Emily Kramer, and Mr. Akbar Whizzin (UCF).<\/p>\n<p><strong>2010 Fall:<\/strong> Lecturer in Physics for Scientists and Engineers II (PHY2049), three recitations of PHY2053, supervising one graduate student, Mr. Christopher Loerscher.<\/p>\n<p><strong>2010 Spring:<\/strong> Lecturer in Condensed Matter Physics II (PHZ 6428) and in PHY 2048, one recitation of PHY 2048, UCF<\/p>\n<p><strong>2009 Fall:<\/strong> Lecturer in Condensed Matter Physics I (PHZ 6426) and in PHY 2048, one recitation of PHY 2048, UCF<\/p>\n<p><strong>2009 Spring:<\/strong> Lecturer in Condensed Matter Physics II (PHZ6428), UCF<br \/>\n<strong>2009 Spring:<\/strong> two recitations of Physics II (PHY2054), UCF<br \/>\n<strong>2008 Fall:<\/strong> Lecturer in Condensed Matter Physics I (PHZ 6426), UCF<br \/>\n<strong>2008 Fall:<\/strong> two recitations of Physics II (PHY2054), UCF<br \/>\n<strong>2008 Spring:<\/strong> Lecturer in Condensed Matter Physics 0 (PHZ 5405), UCF<br \/>\n<strong>2008 Spring:<\/strong> Co-lecturer in Advanced Quantum Mechanics (PHY 6673), UCF<br \/>\n<strong>2008 Spring:<\/strong> two recitations of Physics II (PHY2054), UCF<br \/>\n<strong>2007 Fall:<\/strong> Lecturer in Condensed Matter Physics I (PHZ 6426),UCF<br \/>\n<strong>2007 Fall:<\/strong> two recitations of Physics I (PHY2053),UCF<br \/>\n<strong>2007 Spring:<\/strong> Condensed Matter Physics II (PHZ 6428),UCF<br \/>\n<strong>2007 Spring:<\/strong> two recitations of Physics I (PHY2053),UCF<br \/>\n<strong>2005 Spring:<\/strong> Co-lecturer in Physics of Nanostructured Materials, KSU<br \/>\n<strong>2004 Spring:<\/strong> Lecturer in Solid State Physics II (graduate), UND<br \/>\n<strong>2004 Spring:<\/strong> Lecturer in Quantum Mechanics II (undergraduate), UND<br \/>\n<strong>2003 Fall:<\/strong> Lecturer in Solid State Physics I (graduate), UND<br \/>\n<strong>2003 Fall:<\/strong> Lecturer in Quantum Mechanics I (undergraduate), UND<br \/>\n<strong>2000 Summer:<\/strong> Lecturer in Intensive Freshman Physics I, U. Notre Dame<br \/>\n<strong>1999 Spring:<\/strong> Lecturer in Layered Superconductors (graduate special topics), Northwestern U.<br \/>\n<strong>1989 Spring:<\/strong> one recitation of Freshman Physics, ISU<br \/>\n<strong>1987-8:<\/strong> Lecturer in Undergraduate Classical Mechanics and Undergraduate Electricity and Magnetism, UCSD<\/p>\n<p><strong>1986-7:<\/strong> Lecturer in Undergraduate Quantum Mechanics and in a self-paced course on Freshman Thermodynamics and Kinetic Theory, etc. , UCSD<\/p>\n<p><strong>1976-81:<\/strong> Lecturer in Graduate Statistical Mechanics (3 full years), Lecturer in one course on &#8220;Physical Aspects of Environmental Problems&#8221; (one semester), 2 sections of &#8220;Physics of Music&#8221; laboratory, Lecturer in &#8220;Physics of Music&#8221; (one semester), 11 sections of Freshman Physics recitations,ISU<\/p>\n<p><strong>1980:<\/strong> graduate student, Dan Youngner, received his Ph. D. under RAK&#8217;s supervision, ISU<\/p>\n<p><strong>1974-6:<\/strong> Reading courses for 3-4 graduate students, Stanford U.<\/p>\n<p><strong>1972-4:<\/strong> Teaching Fellow, &#8220;Physics for Poets&#8221;, recitations of Freshman Chemistry, Organic Chemistry Laboratory, and Organic Chemistry recitation, Harvard U.<\/p>\n<h5 class=\"manuf\">Concurrent and Short-term Visiting Positions:<\/h5>\n<p><strong>2008 &#8211;<\/strong> <strong>Tsukuba University<\/strong>, Tsukuba, Japan<em> (May-June)<\/em><br \/>\n<strong>2000 &#8211; University of Notre Dame<\/strong>, Notre Dame, IN<em> (June)<br \/>\n<\/em><strong>1998-99 &#8211; Northwestern University<\/strong>, Evanston, IL <em>(two years)<br \/>\n<\/em><strong>1987 &#8211; Universit\u00e4t Hamburg<\/strong>, Hamburg, West Germany <em>(June-Aug.)<\/em><br \/>\n<strong>1986 &#8211; University of California at San Diego<\/strong>, La Jolla, CA <em>(Feb.-March)<\/em><br \/>\n<strong>1981 &#8211; Universit\u00e4t Hamburg<\/strong>, Hamburg, West Germany <em>(Aug.)<\/em><br \/>\n<strong>1981 &#8211; Zentralinstitut f\u00fcr Tieftemperaturforschung<\/strong>, Garching (bei M\u00fcnchen), West Germany <em>(June-July)<\/em><br \/>\n<strong>1980 &#8211; Universit\u00e4t Hamburg<\/strong>, Hamburg, West Germany <em>(June-Aug.)<\/em><br \/>\n<strong>1979 &#8211; Simon Fraser University<\/strong>, Burnaby, B. C., Canada <em>(June-Aug.)<\/em><br \/>\n<strong>1978 &#8211; University of British Columbia<\/strong>, Vancouver, BC., Canada<em> (June-Aug.)<\/em><br \/>\n<strong>1976 &#8211; Universit\u00e4t zu K\u00f6ln, K\u00f6ln<\/strong>, West Germany <em>(June-Aug.)<\/em><br \/>\n<strong>1975-76 &#8211; AT&amp;T Bell Laboratories<\/strong>, Murray Hill, NJ <em>(Dec.-Jan.)<\/em><\/p>\n<h5 class=\"manuf\">Manuscripts in Preparation:<\/h5>\n<p>1. R. A. Klemm,\u00a0<i>Layered Superconductors, Volume 2<\/i>, under contract with Oxford University Press.<br \/>\n2. H. Minami, C. Watanabe, K. Sota, S. Sekimoto, T. Yamamoto, T. Kashiwagi, R. A. Klemm, and K. Kadowaki,\u00a0<i>Inhomogeneous temperature distribution due to local heating in a THz-emitting<\/i>\u00a0Bi<sub>2<\/sub>Sr<sub>2<\/sub>CaCu<sub>2<\/sub>O<sub>8+d<\/sub>\u00a0<i>rectangular mesa structure,<\/i>\u00a0submitted to Phys. Rev. Lett.<br \/>\n3. S. Sekimoto, C. Watanabe, H. Minami, T. Yamamoto, T. Kashiwagi, R. A. Klemm, and K. Kadowaki,\u00a0<i>Continuous 30 micro W THz source by a high-T<sub>c<\/sub>\u00a0superconductor mesa structure<\/i>, to be submitted to Appl. Phys. Lett.<br \/>\n4. J. Zhang, C. Loerscher, Q. Gu, and R. A. Klemm,\u00a0<i>Anomalous behavior of the upper critical fields of the Anderson-Brinkman-Morel and Scharnberg-Klemm p-wave superconducting states<\/i>, to be submitted to Phys. Rev. Lett.<br \/>\n5. C. Loerscher, J. Zhang, Q. Gu, and R. A. Klemm,\u00a0<i>Double ellipsoidal Fermi surface model of ferromagnetic p-wave superconductors<\/i>, to be submitted to Phys. Rev. B.<\/p>\n<h5 class=\"manuf\">Education:<\/h5>\n<p class=\"address\">B. S. (physics) Stanford University, Stanford, CA <em>(1969)<\/em><br \/>\nM.A. (physics) Harvard University, Cambridge, MA <em>(1972)<\/em><br \/>\nPh. D. (physics) Harvard University, Cambridge, MA <em>(1974)<br \/>\n<\/em><\/p>\n<h5 class=\"manuf\">Languages:<\/h5>\n<p class=\"address\">English<br \/>\nDutch<br \/>\nSpanish<br \/>\nFrench<\/p>\n<h5 class=\"manuf\">Hobbies:<\/h5>\n<p>Playing violin (duets, quartets, symphonies, and ocassional blues and bluegrass)<br \/>\nPlaying piano (classical and Scott Joplin)<br \/>\nSwimming<br \/>\nCamping<br \/>\nHiking<br \/>\nSkiing<br \/>\nTravel to far-off places<br \/>\nEating exotic foods<\/p>\n","protected":false},"excerpt":{"rendered":"<p>2011- Associate Professor (tenure track) University of Central Florida 2007-11 Research Professor University of Central Florida, Orlando, FL 32816-2385 2004-06 Visiting Professor Kansas State University, Manhattan, KS 66506 2003-04 Visiting Professor University of North Dakota, Grand Forks, ND 58202-7129 2001-03 Visiting Scientist Max-Planck-Institut f\u00fcr Physik komplexer Systeme, Dresden 01187, Germany 1992-00 Techical Staff-Scientist Argonne National &hellip; <a href=\"https:\/\/www.iaoww.com\/klemm-a-richard\/csv\/\" class=\"more-link\">Continue reading<span class=\"screen-reader-text\"> &#8220;CSV&#8221;<\/span><\/a><\/p>\n","protected":false},"author":1,"featured_media":0,"parent":0,"menu_order":0,"comment_status":"closed","ping_status":"closed","template":"","meta":{"footnotes":""},"class_list":["post-266","page","type-page","status-publish","hentry"],"yoast_head":"<!-- This site is optimized with the Yoast SEO plugin v26.8 - https:\/\/yoast.com\/product\/yoast-seo-wordpress\/ -->\n<title>CSV - Dr. Richard Klemm<\/title>\n<meta name=\"robots\" content=\"index, follow, max-snippet:-1, max-image-preview:large, max-video-preview:-1\" \/>\n<link rel=\"canonical\" href=\"https:\/\/www.iaoww.com\/klemm-a-richard\/csv\/\" \/>\n<meta property=\"og:locale\" content=\"en_US\" \/>\n<meta property=\"og:type\" content=\"article\" \/>\n<meta property=\"og:title\" content=\"CSV - Dr. Richard Klemm\" \/>\n<meta property=\"og:description\" content=\"2011- Associate Professor (tenure track) University of Central Florida 2007-11 Research Professor University of Central Florida, Orlando, FL 32816-2385 2004-06 Visiting Professor Kansas State University, Manhattan, KS 66506 2003-04 Visiting Professor University of North Dakota, Grand Forks, ND 58202-7129 2001-03 Visiting Scientist Max-Planck-Institut f\u00fcr Physik komplexer Systeme, Dresden 01187, Germany 1992-00 Techical Staff-Scientist Argonne National &hellip; Continue reading &quot;CSV&quot;\" \/>\n<meta property=\"og:url\" content=\"https:\/\/www.iaoww.com\/klemm-a-richard\/csv\/\" \/>\n<meta property=\"og:site_name\" content=\"Dr. Richard Klemm\" \/>\n<meta property=\"article:modified_time\" content=\"2023-07-19T20:27:53+00:00\" \/>\n<meta name=\"twitter:card\" content=\"summary_large_image\" \/>\n<meta name=\"twitter:label1\" content=\"Est. reading time\" \/>\n\t<meta name=\"twitter:data1\" content=\"6 minutes\" \/>\n<script type=\"application\/ld+json\" class=\"yoast-schema-graph\">{\"@context\":\"https:\/\/schema.org\",\"@graph\":[{\"@type\":\"WebPage\",\"@id\":\"https:\/\/www.iaoww.com\/klemm-a-richard\/csv\/\",\"url\":\"https:\/\/www.iaoww.com\/klemm-a-richard\/csv\/\",\"name\":\"CSV - Dr. Richard Klemm\",\"isPartOf\":{\"@id\":\"https:\/\/www.iaoww.com\/klemm-a-richard\/#website\"},\"datePublished\":\"2021-03-15T20:49:31+00:00\",\"dateModified\":\"2023-07-19T20:27:53+00:00\",\"breadcrumb\":{\"@id\":\"https:\/\/www.iaoww.com\/klemm-a-richard\/csv\/#breadcrumb\"},\"inLanguage\":\"en-US\",\"potentialAction\":[{\"@type\":\"ReadAction\",\"target\":[\"https:\/\/www.iaoww.com\/klemm-a-richard\/csv\/\"]}]},{\"@type\":\"BreadcrumbList\",\"@id\":\"https:\/\/www.iaoww.com\/klemm-a-richard\/csv\/#breadcrumb\",\"itemListElement\":[{\"@type\":\"ListItem\",\"position\":1,\"name\":\"Home\",\"item\":\"https:\/\/www.iaoww.com\/klemm-a-richard\/\"},{\"@type\":\"ListItem\",\"position\":2,\"name\":\"CSV\"}]},{\"@type\":\"WebSite\",\"@id\":\"https:\/\/www.iaoww.com\/klemm-a-richard\/#website\",\"url\":\"https:\/\/www.iaoww.com\/klemm-a-richard\/\",\"name\":\"Dr. Richard Klemm\",\"description\":\"Professor of Physics\",\"potentialAction\":[{\"@type\":\"SearchAction\",\"target\":{\"@type\":\"EntryPoint\",\"urlTemplate\":\"https:\/\/www.iaoww.com\/klemm-a-richard\/?s={search_term_string}\"},\"query-input\":{\"@type\":\"PropertyValueSpecification\",\"valueRequired\":true,\"valueName\":\"search_term_string\"}}],\"inLanguage\":\"en-US\"}]}<\/script>\n<!-- \/ Yoast SEO plugin. -->","yoast_head_json":{"title":"CSV - Dr. Richard Klemm","robots":{"index":"index","follow":"follow","max-snippet":"max-snippet:-1","max-image-preview":"max-image-preview:large","max-video-preview":"max-video-preview:-1"},"canonical":"https:\/\/www.iaoww.com\/klemm-a-richard\/csv\/","og_locale":"en_US","og_type":"article","og_title":"CSV - Dr. Richard Klemm","og_description":"2011- Associate Professor (tenure track) University of Central Florida 2007-11 Research Professor University of Central Florida, Orlando, FL 32816-2385 2004-06 Visiting Professor Kansas State University, Manhattan, KS 66506 2003-04 Visiting Professor University of North Dakota, Grand Forks, ND 58202-7129 2001-03 Visiting Scientist Max-Planck-Institut f\u00fcr Physik komplexer Systeme, Dresden 01187, Germany 1992-00 Techical Staff-Scientist Argonne National &hellip; Continue reading \"CSV\"","og_url":"https:\/\/www.iaoww.com\/klemm-a-richard\/csv\/","og_site_name":"Dr. Richard Klemm","article_modified_time":"2023-07-19T20:27:53+00:00","twitter_card":"summary_large_image","twitter_misc":{"Est. reading time":"6 minutes"},"schema":{"@context":"https:\/\/schema.org","@graph":[{"@type":"WebPage","@id":"https:\/\/www.iaoww.com\/klemm-a-richard\/csv\/","url":"https:\/\/www.iaoww.com\/klemm-a-richard\/csv\/","name":"CSV - Dr. Richard Klemm","isPartOf":{"@id":"https:\/\/www.iaoww.com\/klemm-a-richard\/#website"},"datePublished":"2021-03-15T20:49:31+00:00","dateModified":"2023-07-19T20:27:53+00:00","breadcrumb":{"@id":"https:\/\/www.iaoww.com\/klemm-a-richard\/csv\/#breadcrumb"},"inLanguage":"en-US","potentialAction":[{"@type":"ReadAction","target":["https:\/\/www.iaoww.com\/klemm-a-richard\/csv\/"]}]},{"@type":"BreadcrumbList","@id":"https:\/\/www.iaoww.com\/klemm-a-richard\/csv\/#breadcrumb","itemListElement":[{"@type":"ListItem","position":1,"name":"Home","item":"https:\/\/www.iaoww.com\/klemm-a-richard\/"},{"@type":"ListItem","position":2,"name":"CSV"}]},{"@type":"WebSite","@id":"https:\/\/www.iaoww.com\/klemm-a-richard\/#website","url":"https:\/\/www.iaoww.com\/klemm-a-richard\/","name":"Dr. Richard Klemm","description":"Professor of Physics","potentialAction":[{"@type":"SearchAction","target":{"@type":"EntryPoint","urlTemplate":"https:\/\/www.iaoww.com\/klemm-a-richard\/?s={search_term_string}"},"query-input":{"@type":"PropertyValueSpecification","valueRequired":true,"valueName":"search_term_string"}}],"inLanguage":"en-US"}]}},"_links":{"self":[{"href":"https:\/\/www.iaoww.com\/klemm-a-richard\/wp-json\/wp\/v2\/pages\/266","targetHints":{"allow":["GET"]}}],"collection":[{"href":"https:\/\/www.iaoww.com\/klemm-a-richard\/wp-json\/wp\/v2\/pages"}],"about":[{"href":"https:\/\/www.iaoww.com\/klemm-a-richard\/wp-json\/wp\/v2\/types\/page"}],"author":[{"embeddable":true,"href":"https:\/\/www.iaoww.com\/klemm-a-richard\/wp-json\/wp\/v2\/users\/1"}],"replies":[{"embeddable":true,"href":"https:\/\/www.iaoww.com\/klemm-a-richard\/wp-json\/wp\/v2\/comments?post=266"}],"version-history":[{"count":26,"href":"https:\/\/www.iaoww.com\/klemm-a-richard\/wp-json\/wp\/v2\/pages\/266\/revisions"}],"predecessor-version":[{"id":377,"href":"https:\/\/www.iaoww.com\/klemm-a-richard\/wp-json\/wp\/v2\/pages\/266\/revisions\/377"}],"wp:attachment":[{"href":"https:\/\/www.iaoww.com\/klemm-a-richard\/wp-json\/wp\/v2\/media?parent=266"}],"curies":[{"name":"wp","href":"https:\/\/api.w.org\/{rel}","templated":true}]}}